{"id":13,"date":"2024-01-25T16:28:34","date_gmt":"2024-01-25T15:28:34","guid":{"rendered":"https:\/\/localhost\/colibripeople2024\/?page_id=13"},"modified":"2024-03-13T09:14:56","modified_gmt":"2024-03-13T08:14:56","slug":"home","status":"publish","type":"page","link":"https:\/\/banovi.ch\/stage\/colibri-technics\/","title":{"rendered":"Home"},"content":{"rendered":"<div class=\"gb-container gb-container-704f003e\">\n<div class=\"gb-grid-wrapper gb-grid-wrapper-99d828ea\">\n<div class=\"gb-grid-column gb-grid-column-5702e07d\"><div class=\"gb-container gb-container-5702e07d\">\n<div class=\"gb-grid-wrapper gb-grid-wrapper-c3e86b62\">\n<div class=\"gb-grid-column gb-grid-column-431901a9\"><div class=\"gb-container gb-container-431901a9\">\n<div class=\"n2_clear\"><ss3-force-full-width data-overflow-x=\"html\" data-horizontal-selector=\"\"><div class=\"n2-section-smartslider fitvidsignore  n2_clear\" data-ssid=\"1\" tabindex=\"0\" role=\"region\" aria-label=\"Slider\"><div id=\"n2-ss-1-align\" class=\"n2-ss-align\"><div class=\"n2-padding\"><div id=\"n2-ss-1\" data-creator=\"Smart Slider 3\" data-responsive=\"fullwidth\" class=\"n2-ss-slider n2-ow n2-has-hover n2notransition  \">\n        <div class=\"n2-ss-slider-1 n2_ss__touch_element n2-ow\">\n            <div class=\"n2-ss-slider-2 n2-ow\">\n                                                <div class=\"n2-ss-slider-3 n2-ow\">\n\n                    <div class=\"n2-ss-slide-backgrounds n2-ow-all\"><div class=\"n2-ss-slide-background\" data-public-id=\"1\" data-mode=\"fill\"><div class=\"n2-ss-slide-background-image\" data-blur=\"0\" data-opacity=\"100\" data-x=\"50\" data-y=\"15\" data-alt=\"\" data-title=\"\" style=\"--ss-o-pos-y:15%\"><picture class=\"skip-lazy\" data-skip-lazy=\"1\"><img decoding=\"async\" src=\"\/\/banovi.ch\/stage\/colibri-technics\/wp-content\/uploads\/2024\/02\/Haus_Kabel_Colibritechnics.jpg\" alt=\"\" title=\"\" loading=\"lazy\" class=\"skip-lazy\" data-skip-lazy=\"1\"><\/picture><\/div><div data-color=\"RGBA(255,255,255,0)\" style=\"background-color: RGBA(255,255,255,0);\" class=\"n2-ss-slide-background-color\"><\/div><\/div><div class=\"n2-ss-slide-background\" data-public-id=\"2\" data-mode=\"fill\"><div data-color=\"RGBA(255,255,255,0)\" style=\"background-color: RGBA(255,255,255,0);\" class=\"n2-ss-slide-background-color\"><\/div><\/div><\/div>                    <div class=\"n2-ss-slider-4 n2-ow\">\n                        <svg xmlns=\"http:\/\/www.w3.org\/2000\/svg\" viewBox=\"0 0 1200 400\" data-related-device=\"desktopPortrait\" class=\"n2-ow n2-ss-preserve-size n2-ss-preserve-size--slider n2-ss-slide-limiter\"><\/svg><div data-first=\"1\" data-slide-duration=\"0\" data-id=\"5\" data-slide-public-id=\"1\" data-title=\"Haus_Kabel_Colibritechnics\" class=\"n2-ss-slide n2-ow  n2-ss-slide-5\"><div role=\"note\" class=\"n2-ss-slide--focus\" tabindex=\"-1\">Haus_Kabel_Colibritechnics<\/div><div class=\"n2-ss-layers-container n2-ss-slide-limiter n2-ow\"><div class=\"n2-ss-layer n2-ow n-uc-zbo2nniGC2Wd\" data-sstype=\"slide\" data-pm=\"default\"><\/div><\/div><\/div><div data-slide-duration=\"0\" data-id=\"8\" data-slide-public-id=\"2\" data-title=\"Slide\" class=\"n2-ss-slide n2-ow  n2-ss-slide-8\"><div role=\"note\" class=\"n2-ss-slide--focus\" tabindex=\"-1\">Slide<\/div><div class=\"n2-ss-layers-container n2-ss-slide-limiter n2-ow\"><div class=\"n2-ss-layer n2-ow n-uc-zvdnqqiOhzTL\" data-sstype=\"slide\" data-pm=\"default\"><\/div><\/div><\/div>                    <\/div>\n\n                                    <\/div>\n            <\/div>\n        <\/div>\n        <\/div><ss3-loader><\/ss3-loader><\/div><\/div><div class=\"n2_clear\"><\/div><\/div><\/ss3-force-full-width><\/div>\n<\/div><\/div>\n<\/div>\n<\/div><\/div>\n<\/div>\n\n\n<div style=\"height:100px\" aria-hidden=\"true\" class=\"wp-block-spacer\"><\/div>\n\n<\/div>\n\n<div class=\"gb-container gb-container-f210c667\" id=\"leistungen\">\n<div class=\"gb-grid-wrapper gb-grid-wrapper-89711b95\">\n<div class=\"gb-grid-column gb-grid-column-b79c3af0\"><div class=\"gb-container gb-container-b79c3af0\">\n\n<h3 class=\"gb-headline gb-headline-da1cbdf8 gb-headline-text\"><strong>Leistungen colibri technics<\/strong><\/h3>\n\n\n<div class=\"gb-grid-wrapper gb-grid-wrapper-0770b931\">\n<div class=\"gb-grid-column gb-grid-column-ba5b4828\"><div class=\"gb-container gb-container-ba5b4828 ct--shapes\">\n\n<div class=\"container--shapes\">\n<div class=\"row\">\n<div class=\"ct--round col-6\">\n<p>Unterst\u00fctzung<\/p>\n<\/div>\n<\/div>\n<div class=\"row\">\n<div class=\"ct--round col-6 right\">\n<p>Leitung<\/p>\n<\/div>\n<\/div>\n<div class=\"row\">\n<div class=\"ct--round col-6\">\n<p>Beratung<\/p>\n<\/div>\n<\/div>\n<div class=\"row\">\n<div class=\"ct--round col-6 right\">\n<p>Pr\u00fcfung<\/p>\n<\/div>\n<\/div>\n<\/div>\n\n<\/div><\/div>\n\n<div class=\"gb-grid-column gb-grid-column-429470ea\"><div class=\"gb-container gb-container-429470ea\">\n\n<figure class=\"gb-block-image gb-block-image-6b119b7e\"><img loading=\"lazy\" decoding=\"async\" width=\"1024\" height=\"1024\" class=\"gb-image gb-image-6b119b7e\" src=\"https:\/\/banovi.ch\/stage\/colibri-technics\/wp-content\/uploads\/2024\/02\/Leistungen_Colibri_technics.jpg\" alt=\"\" title=\"Leistungen_Colibri_technics\" srcset=\"https:\/\/banovi.ch\/stage\/colibri-technics\/wp-content\/uploads\/2024\/02\/Leistungen_Colibri_technics.jpg 1024w, https:\/\/banovi.ch\/stage\/colibri-technics\/wp-content\/uploads\/2024\/02\/Leistungen_Colibri_technics-300x300.jpg 300w, https:\/\/banovi.ch\/stage\/colibri-technics\/wp-content\/uploads\/2024\/02\/Leistungen_Colibri_technics-150x150.jpg 150w, https:\/\/banovi.ch\/stage\/colibri-technics\/wp-content\/uploads\/2024\/02\/Leistungen_Colibri_technics-768x768.jpg 768w\" sizes=\"auto, (max-width: 1024px) 100vw, 1024px\" \/><\/figure>\n\n\n\n<p class=\"gb-headline gb-headline-9473e2e7 gb-headline-text\">Unsere Dienstleistung bietet umfassende Unterst\u00fctzung f\u00fcr Elektrofirmen, die sich auf die Durchf\u00fchrung, Beratung, Bauleitung und Pr\u00fcfung von elektrotechnischen Projekten spezialisiert hat. Wir verstehen die Komplexit\u00e4t und die technischen Herausforderungen, die mit modernen elektronischen Installationen und Bauvorhaben verbunden sind. Unser Ziel ist es, unseren Kunden eine zuverl\u00e4ssige, effiziente und qualitativ hochwertige Unterst\u00fctzung zu bieten, die von der ersten Beratung \u00fcber die detaillierte Planung und Bauleitung bis hin zur abschliessenden Pr\u00fcfung und Abnahme reicht.<\/p>\n\n<\/div><\/div>\n<\/div>\n\n\n<div style=\"height:100px\" aria-hidden=\"true\" class=\"wp-block-spacer\"><\/div>\n\n<\/div><\/div>\n<\/div>\n\n<div class=\"gb-container gb-container-c0188844\">\n\n<h3 class=\"gb-headline gb-headline-4ed94110 gb-headline-text\"><strong>\u00dcber colibri technics<\/strong><\/h3>\n\n\n<div class=\"gb-grid-wrapper gb-grid-wrapper-34a551ec\">\n<div class=\"gb-grid-column gb-grid-column-7b9a9c8e\"><div class=\"gb-container gb-container-7b9a9c8e\">\n\n<h3 class=\"gb-headline gb-headline-9ffbd26b gb-headline-text\"><strong>Spezialisierung<\/strong><\/h3>\n\n\n\n<p class=\"gb-headline gb-headline-c6dc58ce gb-headline-text\">Wir unterst\u00fctzen Sie in Ihren Projekten, einschliesslich Leitung von Gesamt- oder Teilprojekten, Bauleitung, Projektmanagement und beratender T\u00e4tigkeit. Unsere Dienstleistungen umfassen beh\u00f6rdliche Installationskontrollen und die Erstellung von Sicherheitsnachweisen, sowie Expertise in Glasfasertechnik.<\/p>\n\n\n\n<h3 class=\"gb-headline gb-headline-2332080c gb-headline-text\"><strong>Vorteile<\/strong><\/h3>\n\n\n\n<p class=\"gb-headline gb-headline-58b0ef31 gb-headline-text\">Als Kunde profitieren Sie von unserem breiten Fachwissen und einem starken Team von Spezialisten. Wir bieten Ihnen professionelle Unterst\u00fctzung bei der Erreichung Ihrer Ziele und stehen Ihnen auch kurzfristig und auf Abruf zu Verf\u00fcgung. Wir bieten R\u00fcckhalt in Stresssituationen und springen bei personellen Engp\u00e4ssen f\u00fcr Sie ein.<\/p>\n\n<\/div><\/div>\n\n<div class=\"gb-grid-column gb-grid-column-ade4da45\"><div class=\"gb-container gb-container-ade4da45\">\n\n<h3 class=\"gb-headline gb-headline-311bedfd gb-headline-text\"><strong>Kompetenz<\/strong><\/h3>\n\n\n\n<p class=\"gb-headline gb-headline-ad5a4b00 gb-headline-text\">Wir sind Experten in Bauprojekten, kennen die Herausforderungen aus erster Hand und arbeiten aktiv vor Ort. Unsere F\u00e4higkeit, praktisch einzugreifen, etwa selbst den Schraubenzieher zu nutzen, hebt uns von anderen ab. Wir sind die Ansprechpartner f\u00fcr schwierige Situationen und halten diese Kompetenz stets f\u00fcr unsere Kunden und Partner bereit.<br><br>Nutzen Sie die Vorteile einer auf Ihre Bed\u00fcrfnisse zugeschnittenen und sofort verf\u00fcgbaren Personall\u00f6sung. Gr\u00f6sse und Auftragsdauer einzelner Arbeitskr\u00e4fte und ganzer Teams werden speziell auf Ihre W\u00fcnsche zusammen mit colibri people angepasst.<br><\/p>\n\n<\/div><\/div>\n<\/div>\n<\/div>\n\n<div class=\"gb-container gb-container-fdef06c3\">\n\n<h3 class=\"gb-headline gb-headline-e024a218 gb-headline-text\"><strong>colibri people<\/strong><\/h3>\n\n\n<div class=\"gb-grid-wrapper gb-grid-wrapper-f7d8c22e\">\n<div class=\"gb-grid-column gb-grid-column-3ad26913\"><div class=\"gb-container gb-container-3ad26913\">\n\n<p class=\"gb-headline gb-headline-2e2a12b5 gb-headline-text\">colibri people spezialisiert sich auf die Kombination von professionellem Personalmanagement, einschliesslich Personalrekrutierung und -Verleih, mit anspruchsvollen Elektroinstallationen. Sie nutzt ihre Fachkompetenz in Elektroinstallationen und die aktive Zusammenarbeit mit rekrutiertem Personal, um individuellen Projekten passende Mitarbeitende und Kompetenzen bereitzustellen. Kunden profitieren von einem zuverl\u00e4ssigen und umfassenden Netzwerk, das schnelle und geeignete Verst\u00e4rkung f\u00fcr ihre Projekte erm\u00f6glicht. <a href=\"https:\/\/colibri-people.ch\">Mehr<\/a><\/p>\n\n<\/div><\/div>\n\n<div class=\"gb-grid-column gb-grid-column-2c10418e\"><div class=\"gb-container gb-container-2c10418e\">\n\n<figure class=\"gb-block-image gb-block-image-ffae7553\"><img loading=\"lazy\" decoding=\"async\" width=\"1792\" height=\"1024\" class=\"gb-image gb-image-ffae7553\" src=\"https:\/\/banovi.ch\/stage\/colibri-technics\/wp-content\/uploads\/2024\/02\/Haus_Kabel_leuchtend_6.jpg\" alt=\"\" title=\"Haus_Kabel_leuchtend_6\" srcset=\"https:\/\/banovi.ch\/stage\/colibri-technics\/wp-content\/uploads\/2024\/02\/Haus_Kabel_leuchtend_6.jpg 1792w, https:\/\/banovi.ch\/stage\/colibri-technics\/wp-content\/uploads\/2024\/02\/Haus_Kabel_leuchtend_6-300x171.jpg 300w, https:\/\/banovi.ch\/stage\/colibri-technics\/wp-content\/uploads\/2024\/02\/Haus_Kabel_leuchtend_6-1024x585.jpg 1024w, https:\/\/banovi.ch\/stage\/colibri-technics\/wp-content\/uploads\/2024\/02\/Haus_Kabel_leuchtend_6-768x439.jpg 768w, https:\/\/banovi.ch\/stage\/colibri-technics\/wp-content\/uploads\/2024\/02\/Haus_Kabel_leuchtend_6-1536x878.jpg 1536w\" sizes=\"auto, (max-width: 1792px) 100vw, 1792px\" \/><\/figure>\n\n<\/div><\/div>\n<\/div>\n<\/div>\n\n\n<div style=\"height:100px\" aria-hidden=\"true\" class=\"wp-block-spacer\"><\/div>\n\n\n\n<div class=\"cp_divider\"><\/div>\n\n\n<div class=\"gb-container gb-container-e58a4588\" id=\"team\">\n\n<h3 class=\"gb-headline gb-headline-9f2dc371 gb-headline-text\"><strong>Team<\/strong><\/h3>\n\n\n\n<h3 class=\"gb-headline gb-headline-72aab1b3 gb-headline-text\"><strong>Die Gesch\u00e4ftsleitung<\/strong><\/h3>\n\n\n\n<div class=\"container--team\">\n\t<div class=\"team\">\n\t\t<div class=\"row\">\n\t\t\t<div class=\"col-12 col-md-6 col-lg-4 team--member\">\n\t\t\t\t<img decoding=\"async\" src=\"https:\/\/banovi.ch\/stage\/colibri-people\/wp-content\/uploads\/2024\/02\/Colibri-Durim_Kryeziu-e1709030903816.jpg\" alt=\"Portrait Durim Kryeziu\">\n\t\t\t\t<div class=\"team--member-info\">\n\t\t\t\t\t<h2>durim kryeziu<\/h2>\n\t\t\t\t\t<p class=\"team--member-function\">GF, Mitglied GL<\/p>\n\t\t\t\t\t<a href=\"mailto:durim@colibri-people.ch\">durim@colibri-people.ch<\/a>\n\t\t\t\t\t<a class=\"team--member-first-phone\" href=\"tel:+41586660002\">+41 58 666 00 02<\/a>\n\t\t\t\t\t<a href=\"tel:+41754002000\">+41 75 400 20 00<\/a>\n\t\t\t\t<\/div>\n\t\t\t\t<p class=\"team--member-name\">\n\t\t\t\t\tdurim kryeziu\n\t\t\t\t<\/p>\n\t\t\t<\/div>\n\t\t\t<div class=\"col-12 col-md-6 col-lg-4 team--member\">\n\t\t\t\t<img decoding=\"async\" src=\"https:\/\/banovi.ch\/stage\/colibri-people\/wp-content\/uploads\/2024\/02\/Colibri-Aleksandar_Sterjoski-e1709038488470.jpg\" alt=\"Portrait Aleksandar Sterjoski\">\n\t\t\t\t<div class=\"team--member-info\">\n\t\t\t\t\t<h2>aleksandar sterjoski<\/h2>\n\t\t\t\t\t<p class=\"team--member-function\">Leiter Elektro, Mitglied GL<\/p>\n\t\t\t\t\t<a href=\"mailto:aleks@colibri-people.ch\">aleks@colibri-people.ch<\/a>\n\t\t\t\t\t<a class=\"team--member-first-phone\" href=\"tel:+41586660003\">+41 58 666 00 03<\/a>\n\t\t\t\t\t<a href=\"tel:+41763656953\">+41 76 365 69 53<\/a>\n\t\t\t\t<\/div>\n\t\t\t\t<p class=\"team--member-name\">\n\t\t\t\t\taleksandar sterjoski\n\t\t\t\t<\/p>\n\t\t\t<\/div>\n\t\t\t<div class=\"col-12 col-md-6 col-lg-4 team--member\">\n\t\t\t\t<img decoding=\"async\" src=\"https:\/\/banovi.ch\/stage\/colibri-people\/wp-content\/uploads\/2024\/02\/Colibri-Clirim_Kryeziu-e1709038696379.jpg\" alt=\"Portrait Clirim Kryeziu\">\n\t\t\t\t<div class=\"team--member-info\">\n\t\t\t\t\t<h2>clirim kryeziu<\/h2>\n\t\t\t\t\t<p class=\"team--member-function\">Pr\u00e4sident VR, Leiter Personalverleih<\/p>\n\t\t\t\t\t<a href=\"mailto:limi@colibri-people.ch\">limi@colibri-people.ch<\/a>\n\t\t\t\t\t<a class=\"team--member-first-phone\" href=\"tel:+41586660003\">+41 58 666 00 03<\/a>\n\t\t\t\t\t<a href=\"tel:+41763656953\">+41 76 365 69 53<\/a>\n\t\t\t\t<\/div>\n\t\t\t\t<p class=\"team--member-name\">\n\t\t\t\t\tclirim kryeziu\n\t\t\t\t<\/p>\n\t\t\t<\/div>\n\t\t<\/div>\n\n\t<\/div>\n<\/div>\n\n\n\n<div style=\"height:100px\" aria-hidden=\"true\" class=\"wp-block-spacer\"><\/div>\n\n\n\n<div class=\"cp_divider\"><\/div>\n\n<\/div>\n\n<div class=\"gb-container gb-container-a0ba880b\" id=\"kontakt\">\n\n<h3 class=\"gb-headline gb-headline-013ad66f gb-headline-text\"><strong>Haben Sie noch Fragen?<\/strong><\/h3>\n\n\n\n<p class=\"gb-headline gb-headline-917a2e34 gb-headline-text\">Kontaktieren Sie uns f\u00fcr weiterf\u00fchrende Informationen<br>oder f\u00fcr ein unverbindliches Angebot.<\/p>\n\n\n\n<h3 class=\"gb-headline gb-headline-638c0cbe gb-headline-text\"><strong>Kontaktformular<\/strong><\/h3>\n\n\n\n<div class=\"wp-block-contact-form-7-contact-form-selector\"><div role=\"form\" class=\"wpcf7\" id=\"wpcf7-f224-o1\" lang=\"de-CH\" dir=\"ltr\">\n<div class=\"screen-reader-response\"><p role=\"status\" aria-live=\"polite\" aria-atomic=\"true\"><\/p> <ul><\/ul><\/div>\n<form action=\"\/stage\/colibri-technics\/wp-json\/wp\/v2\/pages\/13#wpcf7-f224-o1\" method=\"post\" class=\"wpcf7-form init\" novalidate=\"novalidate\" data-status=\"init\">\n<div style=\"display: none;\">\n<input type=\"hidden\" name=\"_wpcf7\" value=\"224\" \/>\n<input type=\"hidden\" name=\"_wpcf7_version\" value=\"5.5.6.1\" \/>\n<input type=\"hidden\" name=\"_wpcf7_locale\" value=\"de_CH\" \/>\n<input type=\"hidden\" name=\"_wpcf7_unit_tag\" value=\"wpcf7-f224-o1\" \/>\n<input type=\"hidden\" name=\"_wpcf7_container_post\" value=\"0\" \/>\n<input type=\"hidden\" name=\"_wpcf7_posted_data_hash\" value=\"\" \/>\n<input type=\"hidden\" name=\"_wpcf7_recaptcha_response\" value=\"\" \/>\n<\/div>\n<div class=\"row\">\n<div class=\"col-12 col-md-6\">\n<label class=\"contact-form--label\">Ihr Name*<\/label><br \/>\n    <span class=\"wpcf7-form-control-wrap your-name\"><input type=\"text\" name=\"your-name\" value=\"\" size=\"40\" class=\"wpcf7-form-control wpcf7-text wpcf7-validates-as-required\" aria-required=\"true\" aria-invalid=\"false\" \/><\/span>\n<\/div>\n<div class=\"col-12 col-md-6\">\n<label class=\"contact-form--label\">Ihre E-Mail-Adresse*<\/label><br \/>\n    <span class=\"wpcf7-form-control-wrap your-email\"><input type=\"email\" name=\"your-email\" value=\"\" size=\"40\" class=\"wpcf7-form-control wpcf7-text wpcf7-email wpcf7-validates-as-required wpcf7-validates-as-email\" aria-required=\"true\" aria-invalid=\"false\" \/><\/span>\n<\/div>\n<\/div>\n<div class=\"row\">\n<div class=\"col-12 col-md-6\">\n<label class=\"contact-form--label\">Betreff<\/label><br \/>\n    <span class=\"wpcf7-form-control-wrap your-subject\"><input type=\"text\" name=\"your-subject\" value=\"\" size=\"40\" class=\"wpcf7-form-control wpcf7-text wpcf7-validates-as-required\" aria-required=\"true\" aria-invalid=\"false\" \/><\/span>\n<\/div>\n<\/div>\n<div class=\"row\">\n<div class=\"col-12 col-md-8\">\n<label class=\"contact-form--label contact-form--textarea-label\">Ihre Nachricht<\/label><br \/>\n    <span class=\"wpcf7-form-control-wrap your-message\"><textarea name=\"your-message\" cols=\"40\" rows=\"10\" class=\"wpcf7-form-control wpcf7-textarea\" aria-invalid=\"false\"><\/textarea><\/span>\n<\/div>\n<div class=\"col-12 col-md-4\">\n<input type=\"submit\" value=\"Senden\" class=\"wpcf7-form-control has-spinner wpcf7-submit\" \/>\n<\/div>\n<\/div>\n<span class=\"wpcf7-form-control-wrap recaptcha\"><span data-sitekey=\"6LdS-_EfAAAAABRsn1QoygKYX1_8TxM35IaEmwgI\" class=\"wpcf7-form-control g-recaptcha wpcf7-recaptcha\"><\/span>\n<noscript>\n\t<div class=\"grecaptcha-noscript\">\n\t\t<iframe loading=\"lazy\" src=\"https:\/\/www.google.com\/recaptcha\/api\/fallback?k=6LdS-_EfAAAAABRsn1QoygKYX1_8TxM35IaEmwgI\" frameborder=\"0\" scrolling=\"no\" width=\"310\" height=\"430\">\n\t\t<\/iframe>\n\t\t<textarea name=\"g-recaptcha-response\" rows=\"3\" cols=\"40\" placeholder=\"reCaptcha Response Here\">\n\t\t<\/textarea>\n\t<\/div>\n<\/noscript>\n<\/span>\n<div class=\"wpcf7-response-output\" aria-hidden=\"true\"><\/div><\/form><\/div><\/div>\n\n\n\n<div style=\"height:100px\" aria-hidden=\"true\" class=\"wp-block-spacer\"><\/div>\n\n<\/div>\n<\/div>","protected":false},"excerpt":{"rendered":"<p>\u00dcber colibri technics colibri people Team Die Gesch\u00e4ftsleitung durim kryeziu GF, Mitglied GL durim@colibri-people.ch +41 58 666 00 02 +41 75 400 20 00 durim kryeziu aleksandar sterjoski Leiter Elektro, Mitglied GL aleks@colibri-people.ch +41 58 666 00 03 +41 76 365 69 53 aleksandar sterjoski clirim kryeziu Pr\u00e4sident VR, Leiter Personalverleih limi@colibri-people.ch +41 58 666 &#8230; <a title=\"Home\" class=\"read-more\" href=\"https:\/\/banovi.ch\/stage\/colibri-technics\/\" aria-label=\"More on Home\">mehr lesen<\/a><\/p>\n","protected":false},"author":1,"featured_media":0,"parent":0,"menu_order":0,"comment_status":"closed","ping_status":"closed","template":"","meta":{"footnotes":""},"class_list":["post-13","page","type-page","status-publish"],"acf":[],"_links":{"self":[{"href":"https:\/\/banovi.ch\/stage\/colibri-technics\/wp-json\/wp\/v2\/pages\/13","targetHints":{"allow":["GET"]}}],"collection":[{"href":"https:\/\/banovi.ch\/stage\/colibri-technics\/wp-json\/wp\/v2\/pages"}],"about":[{"href":"https:\/\/banovi.ch\/stage\/colibri-technics\/wp-json\/wp\/v2\/types\/page"}],"author":[{"embeddable":true,"href":"https:\/\/banovi.ch\/stage\/colibri-technics\/wp-json\/wp\/v2\/users\/1"}],"replies":[{"embeddable":true,"href":"https:\/\/banovi.ch\/stage\/colibri-technics\/wp-json\/wp\/v2\/comments?post=13"}],"version-history":[{"count":68,"href":"https:\/\/banovi.ch\/stage\/colibri-technics\/wp-json\/wp\/v2\/pages\/13\/revisions"}],"predecessor-version":[{"id":404,"href":"https:\/\/banovi.ch\/stage\/colibri-technics\/wp-json\/wp\/v2\/pages\/13\/revisions\/404"}],"wp:attachment":[{"href":"https:\/\/banovi.ch\/stage\/colibri-technics\/wp-json\/wp\/v2\/media?parent=13"}],"curies":[{"name":"wp","href":"https:\/\/api.w.org\/{rel}","templated":true}]}}